{"id":93,"date":"2024-07-03T17:27:02","date_gmt":"2024-07-03T15:27:02","guid":{"rendered":"https:\/\/thefundspost.com\/?page_id=93"},"modified":"2024-07-03T18:28:37","modified_gmt":"2024-07-03T16:28:37","slug":"noticias","status":"publish","type":"page","link":"https:\/\/thefundspost.com\/es\/","title":{"rendered":"Noticias"},"content":{"rendered":"\n<div class=\"wp-block-query home-group home-group-two is-layout-flow wp-block-query-is-layout-flow\"><ul class=\"columns-2 wp-block-post-template is-layout-grid wp-container-core-post-template-is-layout-17361a50 wp-block-post-template-is-layout-grid\"><li class=\"wp-block-post post-122 post type-post status-publish format-standard has-post-thumbnail hentry category-analizando-fondos\">\n\n<div class=\"wp-block-group\" style=\"padding-top:30px;padding-right:30px;padding-bottom:30px;padding-left:30px\"><div class=\"wp-block-group__inner-container is-layout-flow wp-block-group-is-layout-flow\"><figure style=\"aspect-ratio:16\/9;\" class=\"wp-block-post-featured-image\"><a href=\"https:\/\/thefundspost.com\/es\/royce-small-cap-opportunity-invmt-rypnx\/\" target=\"_self\"  ><img loading=\"lazy\" decoding=\"async\" width=\"1200\" height=\"900\" src=\"https:\/\/thefundspost.com\/wp-content\/uploads\/2024\/07\/fondos-inversion.jpg\" class=\"attachment-post-thumbnail size-post-thumbnail wp-post-image\" alt=\"Royce Small-Cap Opportunity Invmt RYPNX\" style=\"width:100%;height:100%;object-fit:cover;\" srcset=\"https:\/\/thefundspost.com\/wp-content\/uploads\/2024\/07\/fondos-inversion.jpg 1200w, https:\/\/thefundspost.com\/wp-content\/uploads\/2024\/07\/fondos-inversion-300x225.jpg 300w, https:\/\/thefundspost.com\/wp-content\/uploads\/2024\/07\/fondos-inversion-1024x768.jpg 1024w, https:\/\/thefundspost.com\/wp-content\/uploads\/2024\/07\/fondos-inversion-768x576.jpg 768w, https:\/\/thefundspost.com\/wp-content\/uploads\/2024\/07\/fondos-inversion-16x12.jpg 16w\" sizes=\"auto, (max-width: 1200px) 100vw, 1200px\" \/><\/a><\/figure>\n\n<h2 class=\"has-link-color wp-elements-92d80a79489b18f7beb36d53c3072307 wp-block-post-title has-text-color has-black-color\"><a href=\"https:\/\/thefundspost.com\/es\/royce-small-cap-opportunity-invmt-rypnx\/\" target=\"_self\" >Royce Small-Cap Opportunity Invmt RYPNX<\/a><\/h2>\n\n<div class=\"wp-block-post-excerpt\"><p class=\"wp-block-post-excerpt__excerpt\">Nombre del fondo y entidad gestora: Tipo de fondo: Fecha de creaci\u00f3n del fondo: Objetivo del Fondo: Explicaci\u00f3n del objetivo del fondo: Estrategia de inversi\u00f3n [&hellip;] <\/p><\/div>\n\n<div class=\"wp-block-post-date\"><time datetime=\"2024-07-13T18:15:14+02:00\">13 de julio de 2024<\/time><\/div><\/div><\/div>\n\n<\/li><li class=\"wp-block-post post-61 post type-post status-publish format-standard has-post-thumbnail hentry category-fondos\">\n\n<div class=\"wp-block-group\" style=\"padding-top:30px;padding-right:30px;padding-bottom:30px;padding-left:30px\"><div class=\"wp-block-group__inner-container is-layout-flow wp-block-group-is-layout-flow\"><figure style=\"aspect-ratio:16\/9;\" class=\"wp-block-post-featured-image\"><a href=\"https:\/\/thefundspost.com\/es\/entrevista-howard-marks-co-founder-of-oaktree\/\" target=\"_self\"  ><img loading=\"lazy\" decoding=\"async\" width=\"800\" height=\"400\" src=\"https:\/\/thefundspost.com\/wp-content\/uploads\/2024\/07\/oak.jpg\" class=\"attachment-post-thumbnail size-post-thumbnail wp-post-image\" alt=\"Entrevista Howard Marks &#8211; Co-founder of Oaktree\" style=\"width:100%;height:100%;object-fit:cover;\" srcset=\"https:\/\/thefundspost.com\/wp-content\/uploads\/2024\/07\/oak.jpg 800w, https:\/\/thefundspost.com\/wp-content\/uploads\/2024\/07\/oak-300x150.jpg 300w, https:\/\/thefundspost.com\/wp-content\/uploads\/2024\/07\/oak-768x384.jpg 768w, https:\/\/thefundspost.com\/wp-content\/uploads\/2024\/07\/oak-18x9.jpg 18w\" sizes=\"auto, (max-width: 800px) 100vw, 800px\" \/><\/a><\/figure>\n\n<h2 class=\"has-link-color wp-elements-92d80a79489b18f7beb36d53c3072307 wp-block-post-title has-text-color has-black-color\"><a href=\"https:\/\/thefundspost.com\/es\/entrevista-howard-marks-co-founder-of-oaktree\/\" target=\"_self\" >Entrevista Howard Marks &#8211; Co-founder of Oaktree<\/a><\/h2>\n\n<div class=\"wp-block-post-excerpt\"><p class=\"wp-block-post-excerpt__excerpt\">Hola a todos, estoy aqu\u00ed en Oslo con el cofundador de Oak Tree Capital, el gur\u00fa de la inversi\u00f3n Howard Marks. Es un placer tenerlo [&hellip;] <\/p><\/div>\n\n<div class=\"wp-block-post-date\"><time datetime=\"2024-07-01T15:16:25+02:00\">1 de julio de 2024<\/time><\/div><\/div><\/div>\n\n<\/li><li class=\"wp-block-post post-58 post type-post status-publish format-standard has-post-thumbnail hentry category-fondos\">\n\n<div class=\"wp-block-group\" style=\"padding-top:30px;padding-right:30px;padding-bottom:30px;padding-left:30px\"><div class=\"wp-block-group__inner-container is-layout-flow wp-block-group-is-layout-flow\"><figure style=\"aspect-ratio:16\/9;\" class=\"wp-block-post-featured-image\"><a href=\"https:\/\/thefundspost.com\/es\/blackrock-adquirira-el-grupo-de-datos-britanico-preqin-por-2-55-mil-millones\/\" target=\"_self\"  ><img loading=\"lazy\" decoding=\"async\" width=\"660\" height=\"440\" src=\"https:\/\/thefundspost.com\/wp-content\/uploads\/2024\/07\/16286822457385.webp\" class=\"attachment-post-thumbnail size-post-thumbnail wp-post-image\" alt=\"BlackRock adquirir\u00e1 el grupo de datos brit\u00e1nico Preqin por \u00a32.55 mil millones.\" style=\"width:100%;height:100%;object-fit:cover;\" srcset=\"https:\/\/thefundspost.com\/wp-content\/uploads\/2024\/07\/16286822457385.webp 660w, https:\/\/thefundspost.com\/wp-content\/uploads\/2024\/07\/16286822457385-300x200.webp 300w, https:\/\/thefundspost.com\/wp-content\/uploads\/2024\/07\/16286822457385-18x12.webp 18w\" sizes=\"auto, (max-width: 660px) 100vw, 660px\" \/><\/a><\/figure>\n\n<h2 class=\"has-link-color wp-elements-92d80a79489b18f7beb36d53c3072307 wp-block-post-title has-text-color has-black-color\"><a href=\"https:\/\/thefundspost.com\/es\/blackrock-adquirira-el-grupo-de-datos-britanico-preqin-por-2-55-mil-millones\/\" target=\"_self\" >BlackRock adquirir\u00e1 el grupo de datos brit\u00e1nico Preqin por \u00a32.55 mil millones.<\/a><\/h2>\n\n<div class=\"wp-block-post-excerpt\"><p class=\"wp-block-post-excerpt__excerpt\">**BlackRock adquiere Preqin por \u00a32.55bn en efectivo** En un movimiento sorprendente, BlackRock ha acordado comprar Preqin, un grupo de datos de mercados privados del Reino [&hellip;] <\/p><\/div>\n\n<div class=\"wp-block-post-date\"><time datetime=\"2024-07-01T14:29:28+02:00\">1 de julio de 2024<\/time><\/div><\/div><\/div>\n\n<\/li><li class=\"wp-block-post post-54 post type-post status-publish format-standard has-post-thumbnail hentry category-fondos\">\n\n<div class=\"wp-block-group\" style=\"padding-top:30px;padding-right:30px;padding-bottom:30px;padding-left:30px\"><div class=\"wp-block-group__inner-container is-layout-flow wp-block-group-is-layout-flow\"><figure style=\"aspect-ratio:16\/9;\" class=\"wp-block-post-featured-image\"><a href=\"https:\/\/thefundspost.com\/es\/por-que-los-inversores-en-bonos-deberian-considerar-la-duracion\/\" target=\"_self\"  ><img loading=\"lazy\" decoding=\"async\" width=\"1024\" height=\"1024\" src=\"https:\/\/thefundspost.com\/wp-content\/uploads\/2024\/07\/e671f80bf3d0443a9009491b285cb2a2.jpeg\" class=\"attachment-post-thumbnail size-post-thumbnail wp-post-image\" alt=\"Por qu\u00e9 los inversores en bonos deber\u00edan considerar la duraci\u00f3n.\" style=\"width:100%;height:100%;object-fit:cover;\" srcset=\"https:\/\/thefundspost.com\/wp-content\/uploads\/2024\/07\/e671f80bf3d0443a9009491b285cb2a2.jpeg 1024w, https:\/\/thefundspost.com\/wp-content\/uploads\/2024\/07\/e671f80bf3d0443a9009491b285cb2a2-300x300.jpeg 300w, https:\/\/thefundspost.com\/wp-content\/uploads\/2024\/07\/e671f80bf3d0443a9009491b285cb2a2-150x150.jpeg 150w, https:\/\/thefundspost.com\/wp-content\/uploads\/2024\/07\/e671f80bf3d0443a9009491b285cb2a2-768x768.jpeg 768w, https:\/\/thefundspost.com\/wp-content\/uploads\/2024\/07\/e671f80bf3d0443a9009491b285cb2a2-12x12.jpeg 12w\" sizes=\"auto, (max-width: 1024px) 100vw, 1024px\" \/><\/a><\/figure>\n\n<h2 class=\"has-link-color wp-elements-92d80a79489b18f7beb36d53c3072307 wp-block-post-title has-text-color has-black-color\"><a href=\"https:\/\/thefundspost.com\/es\/por-que-los-inversores-en-bonos-deberian-considerar-la-duracion\/\" target=\"_self\" >Por qu\u00e9 los inversores en bonos deber\u00edan considerar la duraci\u00f3n.<\/a><\/h2>\n\n<div class=\"wp-block-post-excerpt\"><p class=\"wp-block-post-excerpt__excerpt\">Kris Atkinson y Shamil Gohil, gestores de cartera del Fidelity Short Dated Corporate Bond Fund, explican c\u00f3mo el equipo est\u00e1 comprando duraci\u00f3n para asegurar oportunidades [&hellip;] <\/p><\/div>\n\n<div class=\"wp-block-post-date\"><time datetime=\"2024-07-01T14:01:58+02:00\">1 de julio de 2024<\/time><\/div><\/div><\/div>\n\n<\/li><\/ul><\/div>\n\n\n\n<div class=\"wp-block-query home-group home-group-three is-layout-flow wp-block-query-is-layout-flow\"><ul class=\"columns-3 wp-block-post-template is-layout-grid wp-container-core-post-template-is-layout-2fc57c17 wp-block-post-template-is-layout-grid\"><li class=\"wp-block-post post-51 post type-post status-publish format-standard has-post-thumbnail hentry category-breaking-news category-fondos\">\n\n<div class=\"wp-block-group\" style=\"padding-top:30px;padding-right:30px;padding-bottom:30px;padding-left:30px\"><div class=\"wp-block-group__inner-container is-layout-flow wp-block-group-is-layout-flow\"><figure style=\"aspect-ratio:16\/9;\" class=\"wp-block-post-featured-image\"><img loading=\"lazy\" decoding=\"async\" width=\"370\" height=\"229\" src=\"https:\/\/thefundspost.com\/wp-content\/uploads\/2024\/07\/fmya24-164-370x229.jpg\" class=\"attachment-post-thumbnail size-post-thumbnail wp-post-image\" alt=\"\" style=\"width:100%;height:100%;object-fit:cover;\" srcset=\"https:\/\/thefundspost.com\/wp-content\/uploads\/2024\/07\/fmya24-164-370x229.jpg 370w, https:\/\/thefundspost.com\/wp-content\/uploads\/2024\/07\/fmya24-164-370x229-300x186.jpg 300w, https:\/\/thefundspost.com\/wp-content\/uploads\/2024\/07\/fmya24-164-370x229-18x12.jpg 18w\" sizes=\"auto, (max-width: 370px) 100vw, 370px\" \/><\/figure>\n\n<h2 class=\"has-link-color wp-elements-92d80a79489b18f7beb36d53c3072307 wp-block-post-title has-text-color has-black-color\"><a href=\"https:\/\/thefundspost.com\/es\/premios-al-mejor-gestor-de-fondos-del-ano-en-la-galeria-nocturna\/\" target=\"_self\" >Premios al Mejor Gestor de Fondos del A\u00f1o en la galer\u00eda nocturna.<\/a><\/h2>\n\n<div class=\"wp-block-post-excerpt\"><p class=\"wp-block-post-excerpt__excerpt\">Los Premios al Mejor Gestor de Fondos de Inversi\u00f3n de Investment Week han sido un evento emblem\u00e1tico para la industria de la inversi\u00f3n durante casi [&hellip;] <\/p><\/div>\n\n<div class=\"wp-block-post-date\"><time datetime=\"2024-07-01T14:01:20+02:00\">1 de julio de 2024<\/time><\/div><\/div><\/div>\n\n<\/li><li class=\"wp-block-post post-47 post type-post status-publish format-standard has-post-thumbnail hentry category-fondos\">\n\n<div class=\"wp-block-group\" style=\"padding-top:30px;padding-right:30px;padding-bottom:30px;padding-left:30px\"><div class=\"wp-block-group__inner-container is-layout-flow wp-block-group-is-layout-flow\"><figure style=\"aspect-ratio:16\/9;\" class=\"wp-block-post-featured-image\"><img loading=\"lazy\" decoding=\"async\" width=\"370\" height=\"229\" src=\"https:\/\/thefundspost.com\/wp-content\/uploads\/2024\/07\/debt-market-370x229.jpg\" class=\"attachment-post-thumbnail size-post-thumbnail wp-post-image\" alt=\"\" style=\"width:100%;height:100%;object-fit:cover;\" srcset=\"https:\/\/thefundspost.com\/wp-content\/uploads\/2024\/07\/debt-market-370x229.jpg 370w, https:\/\/thefundspost.com\/wp-content\/uploads\/2024\/07\/debt-market-370x229-300x186.jpg 300w, https:\/\/thefundspost.com\/wp-content\/uploads\/2024\/07\/debt-market-370x229-18x12.jpg 18w\" sizes=\"auto, (max-width: 370px) 100vw, 370px\" \/><\/figure>\n\n<h2 class=\"has-link-color wp-elements-92d80a79489b18f7beb36d53c3072307 wp-block-post-title has-text-color has-black-color\"><a href=\"https:\/\/thefundspost.com\/es\/jm-finn-y-ravenscroft-buscan-recuperar-las-perdidas-en-la-liquidacion-de-alvarium-home-reit-advisors\/\" target=\"_self\" >JM Finn y Ravenscroft buscan recuperar las p\u00e9rdidas en la liquidaci\u00f3n de Alvarium Home REIT Advisors.<\/a><\/h2>\n\n<div class=\"wp-block-post-excerpt\"><p class=\"wp-block-post-excerpt__excerpt\">La liquidaci\u00f3n voluntaria de acreedores de Home REIT: Detalles y implicaciones En mayo se present\u00f3 un aviso de estado de cuentas de la liquidaci\u00f3n voluntaria [&hellip;] <\/p><\/div>\n\n<div class=\"wp-block-post-date\"><time datetime=\"2024-07-01T13:56:28+02:00\">1 de julio de 2024<\/time><\/div><\/div><\/div>\n\n<\/li><li class=\"wp-block-post post-44 post type-post status-publish format-standard has-post-thumbnail hentry category-fondos\">\n\n<div class=\"wp-block-group\" style=\"padding-top:30px;padding-right:30px;padding-bottom:30px;padding-left:30px\"><div class=\"wp-block-group__inner-container is-layout-flow wp-block-group-is-layout-flow\"><figure style=\"aspect-ratio:16\/9;\" class=\"wp-block-post-featured-image\"><img loading=\"lazy\" decoding=\"async\" width=\"370\" height=\"229\" src=\"https:\/\/thefundspost.com\/wp-content\/uploads\/2024\/07\/mergers-review-2017-370x229.jpg\" class=\"attachment-post-thumbnail size-post-thumbnail wp-post-image\" alt=\"\" style=\"width:100%;height:100%;object-fit:cover;\" srcset=\"https:\/\/thefundspost.com\/wp-content\/uploads\/2024\/07\/mergers-review-2017-370x229.jpg 370w, https:\/\/thefundspost.com\/wp-content\/uploads\/2024\/07\/mergers-review-2017-370x229-300x186.jpg 300w, https:\/\/thefundspost.com\/wp-content\/uploads\/2024\/07\/mergers-review-2017-370x229-18x12.jpg 18w\" sizes=\"auto, (max-width: 370px) 100vw, 370px\" \/><\/figure>\n\n<h2 class=\"has-link-color wp-elements-92d80a79489b18f7beb36d53c3072307 wp-block-post-title has-text-color has-black-color\"><a href=\"https:\/\/thefundspost.com\/es\/la-fusion-de-alliance-trust-y-witan-para-formar-un-vehiculo-ftse-100-de-5-mil-millones\/\" target=\"_self\" >La fusi\u00f3n de Alliance Trust y Witan para formar un veh\u00edculo FTSE 100 de \u00a35 mil millones.<\/a><\/h2>\n\n<div class=\"wp-block-post-excerpt\"><p class=\"wp-block-post-excerpt__excerpt\">**La fusi\u00f3n de Witan y Alliance Trust: una nueva era para los fondos de inversi\u00f3n** En el mundo de la econom\u00eda y los fondos de [&hellip;] <\/p><\/div>\n\n<div class=\"wp-block-post-date\"><time datetime=\"2024-07-01T13:18:00+02:00\">1 de julio de 2024<\/time><\/div><\/div><\/div>\n\n<\/li><\/ul>\n\n<nav class=\"aligncenter wp-block-query-pagination is-content-justification-center is-layout-flex wp-container-core-query-pagination-is-layout-16018d1d wp-block-query-pagination-is-layout-flex\" aria-label=\"Paginaci\u00f3n\">\n\n\n<div class=\"wp-block-query-pagination-numbers\"><span aria-current=\"page\" class=\"page-numbers current\">1<\/span>\n<a class=\"page-numbers\" href=\"?query-30-page=2\">2<\/a>\n<a class=\"page-numbers\" href=\"?query-30-page=3\">3<\/a>\n<span class=\"page-numbers dots\">&hellip;<\/span>\n<a class=\"page-numbers\" href=\"?query-30-page=5\">5<\/a><\/div>\n\n<a href=\"\/es\/wp-json\/wp\/v2\/pages\/93?query-30-page=2\" class=\"wp-block-query-pagination-next\">P\u00e1gina siguiente<span class='wp-block-query-pagination-next-arrow is-arrow-chevron' aria-hidden='true'>\u00bb<\/span><\/a>\n<\/nav><\/div>\n","protected":false},"excerpt":{"rendered":"","protected":false},"author":1,"featured_media":0,"parent":0,"menu_order":0,"comment_status":"closed","ping_status":"closed","template":"","meta":{"footnotes":""},"class_list":["post-93","page","type-page","status-publish","hentry"],"_links":{"self":[{"href":"https:\/\/thefundspost.com\/es\/wp-json\/wp\/v2\/pages\/93","targetHints":{"allow":["GET"]}}],"collection":[{"href":"https:\/\/thefundspost.com\/es\/wp-json\/wp\/v2\/pages"}],"about":[{"href":"https:\/\/thefundspost.com\/es\/wp-json\/wp\/v2\/types\/page"}],"author":[{"embeddable":true,"href":"https:\/\/thefundspost.com\/es\/wp-json\/wp\/v2\/users\/1"}],"replies":[{"embeddable":true,"href":"https:\/\/thefundspost.com\/es\/wp-json\/wp\/v2\/comments?post=93"}],"version-history":[{"count":13,"href":"https:\/\/thefundspost.com\/es\/wp-json\/wp\/v2\/pages\/93\/revisions"}],"predecessor-version":[{"id":115,"href":"https:\/\/thefundspost.com\/es\/wp-json\/wp\/v2\/pages\/93\/revisions\/115"}],"wp:attachment":[{"href":"https:\/\/thefundspost.com\/es\/wp-json\/wp\/v2\/media?parent=93"}],"curies":[{"name":"wp","href":"https:\/\/api.w.org\/{rel}","templated":true}]}}